{"id":1762,"date":"2025-08-02T15:21:16","date_gmt":"2025-08-02T15:21:16","guid":{"rendered":"https:\/\/khaki-partridge-686409.hostingersite.com\/?page_id=1762"},"modified":"2025-08-02T15:22:40","modified_gmt":"2025-08-02T15:22:40","slug":"help-center","status":"publish","type":"page","link":"https:\/\/homeflowstore.shop\/de\/help-center\/","title":{"rendered":"Hilfe-Center"},"content":{"rendered":"<div data-elementor-type=\"wp-page\" data-elementor-id=\"1762\" class=\"elementor elementor-1762\" data-elementor-post-type=\"page\">\n\t\t\t\t<div class=\"elementor-element elementor-element-d750f6c e-flex e-con-boxed e-con e-parent\" data-id=\"d750f6c\" data-element_type=\"container\" data-e-type=\"container\" data-settings=\"{&quot;ekit_has_onepagescroll_dot&quot;:&quot;yes&quot;}\">\n\t\t\t\t\t<div class=\"e-con-inner\">\n\t\t\t\t<div class=\"elementor-element elementor-element-8bc4f96 elementor-widget elementor-widget-text-editor\" data-id=\"8bc4f96\" data-element_type=\"widget\" data-e-type=\"widget\" data-settings=\"{&quot;ekit_we_effect_on&quot;:&quot;none&quot;}\" data-widget_type=\"text-editor.default\">\n\t\t\t\t<div class=\"elementor-widget-container\">\n\t\t\t\t\t\t\t\t\t<h2 data-start=\"131\" data-end=\"148\">Hilfe-Center<\/h2><p data-start=\"150\" data-end=\"339\">Willkommen im Help Center - Ihre erste Anlaufstelle f\u00fcr schnelle Antworten und Unterst\u00fctzung.<br data-start=\"229\" data-end=\"232\" \/>Egal, ob Sie nach Informationen suchen, ein Problem haben oder einfach nur Rat brauchen, wir sind f\u00fcr Sie da.<\/p><h3 data-start=\"341\" data-end=\"370\">Das k\u00f6nnen Sie hier finden:<\/h3><ul data-start=\"371\" data-end=\"676\"><li data-start=\"371\" data-end=\"454\"><p data-start=\"373\" data-end=\"454\"><strong data-start=\"376\" data-end=\"384\">FAQs<\/strong> - Antworten auf h\u00e4ufige Fragen zu Einkauf, Lieferung und Service<\/p><\/li><li data-start=\"455\" data-end=\"534\"><p data-start=\"457\" data-end=\"534\"><strong data-start=\"460\" data-end=\"483\">Infos zur Bestellung &amp; R\u00fcckgabe<\/strong> - Erfahren Sie mehr \u00fcber Prozesse, Zeitpl\u00e4ne und Richtlinien<\/p><\/li><li data-start=\"535\" data-end=\"608\"><p data-start=\"537\" data-end=\"608\"><strong data-start=\"540\" data-end=\"564\">Tipps zur Fehlerbehebung<\/strong> - Schritt-f\u00fcr-Schritt-Hilfe f\u00fcr h\u00e4ufige Situationen<\/p><\/li><li data-start=\"609\" data-end=\"676\"><p data-start=\"611\" data-end=\"676\"><strong data-start=\"614\" data-end=\"635\">Leitf\u00e4den &amp; Richtlinien<\/strong> - Klare Erkl\u00e4rungen, wie wir arbeiten<\/p><\/li><\/ul><p data-start=\"678\" data-end=\"803\">Wir haben unser Help Center so gestaltet, dass es einfach zu navigieren und 24\/7 verf\u00fcgbar ist.<br data-start=\"751\" data-end=\"754\" \/>Brauchen Sie noch Hilfe? Unser Team ist nur eine Nachricht entfernt.<\/p>\t\t\t\t\t\t\t\t<\/div>\n\t\t\t\t<\/div>\n\t\t\t\t\t<\/div>\n\t\t\t\t<\/div>\n\t\t\t\t<\/div>","protected":false},"excerpt":{"rendered":"<p>Help Center Welcome to the Help Center \u2014 your go-to resource for quick answers and support.Whether you&#8217;re looking for information,&#8230;<\/p>","protected":false},"author":1,"featured_media":0,"parent":0,"menu_order":0,"comment_status":"closed","ping_status":"closed","template":"","meta":{"_acf_changed":false,"footnotes":""},"class_list":["post-1762","page","type-page","status-publish","hentry"],"acf":[],"_hostinger_reach_plugin_has_subscription_block":false,"_hostinger_reach_plugin_is_elementor":false,"_links":{"self":[{"href":"https:\/\/homeflowstore.shop\/de\/wp-json\/wp\/v2\/pages\/1762","targetHints":{"allow":["GET"]}}],"collection":[{"href":"https:\/\/homeflowstore.shop\/de\/wp-json\/wp\/v2\/pages"}],"about":[{"href":"https:\/\/homeflowstore.shop\/de\/wp-json\/wp\/v2\/types\/page"}],"author":[{"embeddable":true,"href":"https:\/\/homeflowstore.shop\/de\/wp-json\/wp\/v2\/users\/1"}],"replies":[{"embeddable":true,"href":"https:\/\/homeflowstore.shop\/de\/wp-json\/wp\/v2\/comments?post=1762"}],"version-history":[{"count":4,"href":"https:\/\/homeflowstore.shop\/de\/wp-json\/wp\/v2\/pages\/1762\/revisions"}],"predecessor-version":[{"id":1766,"href":"https:\/\/homeflowstore.shop\/de\/wp-json\/wp\/v2\/pages\/1762\/revisions\/1766"}],"wp:attachment":[{"href":"https:\/\/homeflowstore.shop\/de\/wp-json\/wp\/v2\/media?parent=1762"}],"curies":[{"name":"wp","href":"https:\/\/api.w.org\/{rel}","templated":true}]}}